{"id":2690,"date":"2026-04-11T01:03:23","date_gmt":"2026-04-10T23:03:23","guid":{"rendered":"https:\/\/lesjoyauxdasti.fr\/?post_type=product&#038;p=2690"},"modified":"2026-04-11T01:03:23","modified_gmt":"2026-04-10T23:03:23","slug":"parure-boucles-bague-fleur-couleur-or-sa-jewelry","status":"publish","type":"product","link":"https:\/\/lesjoyauxdasti.fr\/fr_fr\/produit\/parure-boucles-bague-fleur-couleur-or-sa-jewelry\/","title":{"rendered":"Parure Boucles + Bague Fleur Couleur Or | SA Jewelry"},"content":{"rendered":"<p>Cette parure trois pi\u00e8ces fantaisie propose un motif floral \u00e9l\u00e9gant : des p\u00e9tales circulaires \u00e0 texture pointill\u00e9e se superposent en d\u00f4me pour cr\u00e9er un volume g\u00e9n\u00e9reux et lumineux couleur or. Id\u00e9ale pour offrir ou se faire plaisir. Les boucles sont des clips, la bague est \u00e0 taille ajustable. Accessoire mode SA Jewelry, con\u00e7u en Cor\u00e9e.<\/p>","protected":false},"excerpt":{"rendered":"<p>Parure 3 pi\u00e8ces fantaisie couleur or : 2 boucles clips et 1 bague, motif floral avec p\u00e9tales circulaires superpos\u00e9s en d\u00f4me. Accessoire mode tendance.<\/p>","protected":false},"featured_media":2688,"comment_status":"open","ping_status":"closed","template":"","meta":{"_bst_post_transparent":"default","_bst_post_title":"","_bst_post_layout":"default","_bst_post_sidebar_id":"","_bst_post_content_style":"default","_bst_post_vertical_padding":"default","_bst_post_feature":"","_bst_post_feature_position":"","_bst_post_header":false,"_bst_post_footer":false},"product_brand":[],"product_cat":[111],"product_tag":[130,135,136,134,126,128,133,132,131],"product_brands":[],"class_list":{"0":"post-2690","1":"product","2":"type-product","3":"status-publish","4":"has-post-thumbnail","6":"product_cat-boucles-doreilles","7":"product_tag-accessoire","8":"product_tag-bague","9":"product_tag-cadeau","10":"product_tag-clips","11":"product_tag-couleur-or","12":"product_tag-fantaisie","13":"product_tag-fleur","14":"product_tag-parure","15":"product_tag-sa-jewelry","17":"first","18":"instock","19":"sale","20":"shipping-taxable","21":"purchasable","22":"product-type-simple","23":"entry","24":"content-bg","25":"loop-entry"},"_links":{"self":[{"href":"https:\/\/lesjoyauxdasti.fr\/fr_fr\/wp-json\/wp\/v2\/product\/2690","targetHints":{"allow":["GET"]}}],"collection":[{"href":"https:\/\/lesjoyauxdasti.fr\/fr_fr\/wp-json\/wp\/v2\/product"}],"about":[{"href":"https:\/\/lesjoyauxdasti.fr\/fr_fr\/wp-json\/wp\/v2\/types\/product"}],"replies":[{"embeddable":true,"href":"https:\/\/lesjoyauxdasti.fr\/fr_fr\/wp-json\/wp\/v2\/comments?post=2690"}],"wp:featuredmedia":[{"embeddable":true,"href":"https:\/\/lesjoyauxdasti.fr\/fr_fr\/wp-json\/wp\/v2\/media\/2688"}],"wp:attachment":[{"href":"https:\/\/lesjoyauxdasti.fr\/fr_fr\/wp-json\/wp\/v2\/media?parent=2690"}],"wp:term":[{"taxonomy":"product_brand","embeddable":true,"href":"https:\/\/lesjoyauxdasti.fr\/fr_fr\/wp-json\/wp\/v2\/product_brand?post=2690"},{"taxonomy":"product_cat","embeddable":true,"href":"https:\/\/lesjoyauxdasti.fr\/fr_fr\/wp-json\/wp\/v2\/product_cat?post=2690"},{"taxonomy":"product_tag","embeddable":true,"href":"https:\/\/lesjoyauxdasti.fr\/fr_fr\/wp-json\/wp\/v2\/product_tag?post=2690"},{"taxonomy":"product_brands","embeddable":true,"href":"https:\/\/lesjoyauxdasti.fr\/fr_fr\/wp-json\/wp\/v2\/product_brands?post=2690"}],"curies":[{"name":"wp","href":"https:\/\/api.w.org\/{rel}","templated":true}]}}