{"id":2691,"date":"2026-04-11T01:09:04","date_gmt":"2026-04-10T23:09:04","guid":{"rendered":"https:\/\/lesjoyauxdasti.fr\/?post_type=product&#038;p=2691"},"modified":"2026-04-11T01:09:04","modified_gmt":"2026-04-10T23:09:04","slug":"boucles-doreilles-pendantes-trio-de-disques-couleur-or","status":"publish","type":"product","link":"https:\/\/lesjoyauxdasti.fr\/fr_fr\/produit\/boucles-doreilles-pendantes-trio-de-disques-couleur-or\/","title":{"rendered":"Boucles d&#8217;Oreilles Pendantes Trio de Disques Couleur Or"},"content":{"rendered":"<p>Ces boucles pendantes fantaisie jouent sur le mouvement et la mati\u00e8re : trois m\u00e9daillons ronds \u00e0 texture stri\u00e9e horizontale sont reli\u00e9s par un ressort torsad\u00e9 couleur or, cr\u00e9ant un accessoire architectural et vivant. L\u00e9g\u00e8res et confortables \u00e0 porter. Fermeture \u00e0 tige. Longueur pendante g\u00e9n\u00e9reuse, parfaites pour allonger le visage. Accessoire mode SA Jewelry, con\u00e7u en Cor\u00e9e.<\/p>","protected":false},"excerpt":{"rendered":"<p>Boucles d&#8217;oreilles pendantes fantaisie couleur or compos\u00e9es de 3 disques textur\u00e9s reli\u00e9s par un ressort spiral\u00e9. Effet sculptural, longueur g\u00e9n\u00e9reuse.<\/p>","protected":false},"featured_media":2687,"comment_status":"open","ping_status":"closed","template":"","meta":{"_bst_post_transparent":"default","_bst_post_title":"","_bst_post_layout":"default","_bst_post_sidebar_id":"","_bst_post_content_style":"default","_bst_post_vertical_padding":"default","_bst_post_feature":"","_bst_post_feature_position":"","_bst_post_header":false,"_bst_post_footer":false},"product_brand":[],"product_cat":[111],"product_tag":[130,124,126,138,128,137,131,139,127],"product_brands":[],"class_list":{"0":"post-2691","1":"product","2":"type-product","3":"status-publish","4":"has-post-thumbnail","6":"product_cat-boucles-doreilles","7":"product_tag-accessoire","8":"product_tag-boucles-doreilles","9":"product_tag-couleur-or","10":"product_tag-disques","11":"product_tag-fantaisie","12":"product_tag-pendantes","13":"product_tag-sa-jewelry","14":"product_tag-spirale","15":"product_tag-texture","17":"first","18":"instock","19":"sale","20":"shipping-taxable","21":"purchasable","22":"product-type-simple","23":"entry","24":"content-bg","25":"loop-entry"},"_links":{"self":[{"href":"https:\/\/lesjoyauxdasti.fr\/fr_fr\/wp-json\/wp\/v2\/product\/2691","targetHints":{"allow":["GET"]}}],"collection":[{"href":"https:\/\/lesjoyauxdasti.fr\/fr_fr\/wp-json\/wp\/v2\/product"}],"about":[{"href":"https:\/\/lesjoyauxdasti.fr\/fr_fr\/wp-json\/wp\/v2\/types\/product"}],"replies":[{"embeddable":true,"href":"https:\/\/lesjoyauxdasti.fr\/fr_fr\/wp-json\/wp\/v2\/comments?post=2691"}],"wp:featuredmedia":[{"embeddable":true,"href":"https:\/\/lesjoyauxdasti.fr\/fr_fr\/wp-json\/wp\/v2\/media\/2687"}],"wp:attachment":[{"href":"https:\/\/lesjoyauxdasti.fr\/fr_fr\/wp-json\/wp\/v2\/media?parent=2691"}],"wp:term":[{"taxonomy":"product_brand","embeddable":true,"href":"https:\/\/lesjoyauxdasti.fr\/fr_fr\/wp-json\/wp\/v2\/product_brand?post=2691"},{"taxonomy":"product_cat","embeddable":true,"href":"https:\/\/lesjoyauxdasti.fr\/fr_fr\/wp-json\/wp\/v2\/product_cat?post=2691"},{"taxonomy":"product_tag","embeddable":true,"href":"https:\/\/lesjoyauxdasti.fr\/fr_fr\/wp-json\/wp\/v2\/product_tag?post=2691"},{"taxonomy":"product_brands","embeddable":true,"href":"https:\/\/lesjoyauxdasti.fr\/fr_fr\/wp-json\/wp\/v2\/product_brands?post=2691"}],"curies":[{"name":"wp","href":"https:\/\/api.w.org\/{rel}","templated":true}]}}