{"id":2692,"date":"2026-04-11T01:12:37","date_gmt":"2026-04-10T23:12:37","guid":{"rendered":"https:\/\/lesjoyauxdasti.fr\/?post_type=product&#038;p=2692"},"modified":"2026-04-11T01:12:38","modified_gmt":"2026-04-10T23:12:38","slug":"parure-boucles-doreilles-bague-barres-art-deco-couleur-or","status":"publish","type":"product","link":"https:\/\/lesjoyauxdasti.fr\/fr_fr\/produit\/parure-boucles-doreilles-bague-barres-art-deco-couleur-or\/","title":{"rendered":"Parure Boucles d&#8217;Oreilles + Bague Barres Art D\u00e9co Couleur Or"},"content":{"rendered":"<p>Cette parure fantaisie s&#8217;inspire du mouvement Art D\u00e9co : des barres verticales nervur\u00e9es couleur or s&#8217;assemblent en une composition g\u00e9om\u00e9trique en escalier asym\u00e9trique. Un accessoire graphique et \u00e9l\u00e9gant, parfait pour se d\u00e9marquer. Les boucles sont des pendantes \u00e0 crochet, la bague est \u00e0 taille ajustable. Accessoire mode SA Jewelry, con\u00e7u en Cor\u00e9e.<\/p>","protected":false},"excerpt":{"rendered":"<p>Parure fantaisie 3 pi\u00e8ces couleur or inspir\u00e9e de l&#8217;Art D\u00e9co : boucles pendantes et bague en barres verticales nervur\u00e9es formant une silhouette g\u00e9om\u00e9trique en escalier.<\/p>","protected":false},"featured_media":2681,"comment_status":"open","ping_status":"closed","template":"","meta":{"_bst_post_transparent":"default","_bst_post_title":"","_bst_post_layout":"default","_bst_post_sidebar_id":"","_bst_post_content_style":"default","_bst_post_vertical_padding":"default","_bst_post_feature":"","_bst_post_feature_position":"","_bst_post_header":false,"_bst_post_footer":false},"product_brand":[],"product_cat":[111],"product_tag":[130,140,141,126,128,142,132,131],"product_brands":[],"class_list":{"0":"post-2692","1":"product","2":"type-product","3":"status-publish","4":"has-post-thumbnail","6":"product_cat-boucles-doreilles","7":"product_tag-accessoire","8":"product_tag-art-deco","9":"product_tag-barres","10":"product_tag-couleur-or","11":"product_tag-fantaisie","12":"product_tag-geometrique","13":"product_tag-parure","14":"product_tag-sa-jewelry","16":"first","17":"instock","18":"sale","19":"shipping-taxable","20":"purchasable","21":"product-type-simple","22":"entry","23":"content-bg","24":"loop-entry"},"_links":{"self":[{"href":"https:\/\/lesjoyauxdasti.fr\/fr_fr\/wp-json\/wp\/v2\/product\/2692","targetHints":{"allow":["GET"]}}],"collection":[{"href":"https:\/\/lesjoyauxdasti.fr\/fr_fr\/wp-json\/wp\/v2\/product"}],"about":[{"href":"https:\/\/lesjoyauxdasti.fr\/fr_fr\/wp-json\/wp\/v2\/types\/product"}],"replies":[{"embeddable":true,"href":"https:\/\/lesjoyauxdasti.fr\/fr_fr\/wp-json\/wp\/v2\/comments?post=2692"}],"wp:featuredmedia":[{"embeddable":true,"href":"https:\/\/lesjoyauxdasti.fr\/fr_fr\/wp-json\/wp\/v2\/media\/2681"}],"wp:attachment":[{"href":"https:\/\/lesjoyauxdasti.fr\/fr_fr\/wp-json\/wp\/v2\/media?parent=2692"}],"wp:term":[{"taxonomy":"product_brand","embeddable":true,"href":"https:\/\/lesjoyauxdasti.fr\/fr_fr\/wp-json\/wp\/v2\/product_brand?post=2692"},{"taxonomy":"product_cat","embeddable":true,"href":"https:\/\/lesjoyauxdasti.fr\/fr_fr\/wp-json\/wp\/v2\/product_cat?post=2692"},{"taxonomy":"product_tag","embeddable":true,"href":"https:\/\/lesjoyauxdasti.fr\/fr_fr\/wp-json\/wp\/v2\/product_tag?post=2692"},{"taxonomy":"product_brands","embeddable":true,"href":"https:\/\/lesjoyauxdasti.fr\/fr_fr\/wp-json\/wp\/v2\/product_brands?post=2692"}],"curies":[{"name":"wp","href":"https:\/\/api.w.org\/{rel}","templated":true}]}}