{"id":2697,"date":"2026-04-11T01:27:05","date_gmt":"2026-04-10T23:27:05","guid":{"rendered":"https:\/\/lesjoyauxdasti.fr\/?post_type=product&#038;p=2697"},"modified":"2026-04-11T01:27:06","modified_gmt":"2026-04-10T23:27:06","slug":"parure-boucles-bague-losange-geometrique-cauri-couleur-or-sa-jewelry","status":"publish","type":"product","link":"https:\/\/lesjoyauxdasti.fr\/fr_fr\/produit\/parure-boucles-bague-losange-geometrique-cauri-couleur-or-sa-jewelry\/","title":{"rendered":"Parure Boucles d&#8217;Oreilles + Bague Losange G\u00e9om\u00e9trique Cauri Couleur Or"},"content":{"rendered":"<p>Motif g\u00e9om\u00e9trique tendance : des carr\u00e9s concentriques imbriqu\u00e9s en fil couleur or forment un losange ajour\u00e9, avec en son centre un coquillage cauri comme point focal. Le contraste entre les lignes rigoureuses du losange et la forme organique du coquillage cr\u00e9e un accessoire unique et contemporain. Boucles \u00e0 clips. Accessoire mode SA Jewelry, con\u00e7u en Cor\u00e9e.<\/p>","protected":false},"excerpt":{"rendered":"<p>Parure Boucles + Bague Losange G\u00e9om\u00e9trique Cauri Couleur Or | SA Jewelry<\/p>","protected":false},"featured_media":2682,"comment_status":"open","ping_status":"closed","template":"","meta":{"_bst_post_transparent":"default","_bst_post_title":"","_bst_post_layout":"default","_bst_post_sidebar_id":"","_bst_post_content_style":"default","_bst_post_vertical_padding":"default","_bst_post_feature":"","_bst_post_feature_position":"","_bst_post_header":false,"_bst_post_footer":false},"product_brand":[],"product_cat":[111],"product_tag":[130,150,146,134,126,128,142,149,132,131],"product_brands":[],"class_list":{"0":"post-2697","1":"product","2":"type-product","3":"status-publish","4":"has-post-thumbnail","6":"product_cat-boucles-doreilles","7":"product_tag-accessoire","8":"product_tag-ajoure","9":"product_tag-cauri","10":"product_tag-clips","11":"product_tag-couleur-or","12":"product_tag-fantaisie","13":"product_tag-geometrique","14":"product_tag-losange","15":"product_tag-parure","16":"product_tag-sa-jewelry","18":"first","19":"instock","20":"sale","21":"shipping-taxable","22":"purchasable","23":"product-type-simple","24":"entry","25":"content-bg","26":"loop-entry"},"_links":{"self":[{"href":"https:\/\/lesjoyauxdasti.fr\/fr_fr\/wp-json\/wp\/v2\/product\/2697","targetHints":{"allow":["GET"]}}],"collection":[{"href":"https:\/\/lesjoyauxdasti.fr\/fr_fr\/wp-json\/wp\/v2\/product"}],"about":[{"href":"https:\/\/lesjoyauxdasti.fr\/fr_fr\/wp-json\/wp\/v2\/types\/product"}],"replies":[{"embeddable":true,"href":"https:\/\/lesjoyauxdasti.fr\/fr_fr\/wp-json\/wp\/v2\/comments?post=2697"}],"wp:featuredmedia":[{"embeddable":true,"href":"https:\/\/lesjoyauxdasti.fr\/fr_fr\/wp-json\/wp\/v2\/media\/2682"}],"wp:attachment":[{"href":"https:\/\/lesjoyauxdasti.fr\/fr_fr\/wp-json\/wp\/v2\/media?parent=2697"}],"wp:term":[{"taxonomy":"product_brand","embeddable":true,"href":"https:\/\/lesjoyauxdasti.fr\/fr_fr\/wp-json\/wp\/v2\/product_brand?post=2697"},{"taxonomy":"product_cat","embeddable":true,"href":"https:\/\/lesjoyauxdasti.fr\/fr_fr\/wp-json\/wp\/v2\/product_cat?post=2697"},{"taxonomy":"product_tag","embeddable":true,"href":"https:\/\/lesjoyauxdasti.fr\/fr_fr\/wp-json\/wp\/v2\/product_tag?post=2697"},{"taxonomy":"product_brands","embeddable":true,"href":"https:\/\/lesjoyauxdasti.fr\/fr_fr\/wp-json\/wp\/v2\/product_brands?post=2697"}],"curies":[{"name":"wp","href":"https:\/\/api.w.org\/{rel}","templated":true}]}}