{"id":2743,"date":"2026-04-26T15:39:31","date_gmt":"2026-04-26T13:39:31","guid":{"rendered":"https:\/\/lesjoyauxdasti.fr\/?post_type=product&#038;p=2743"},"modified":"2026-04-26T15:39:32","modified_gmt":"2026-04-26T13:39:32","slug":"collier-dore-maille-fine-3-rangs","status":"publish","type":"product","link":"https:\/\/lesjoyauxdasti.fr\/fr_fr\/produit\/collier-dore-maille-fine-3-rangs\/","title":{"rendered":"Collier Femme Dor\u00e9 Maille &#8211; Bijou Tendance Plaqu\u00e9 Or"},"content":{"rendered":"<p>Sublimez votre style avec ce magnifique collier femme dor\u00e9, compos\u00e9 de trois rangs en maille fine d\u00e9licatement assembl\u00e9s.<\/p>\n<p>\u2728 CARACT\u00c9RISTIQUES :<br \/>\n&#8211; Mati\u00e8re : laiton plaqu\u00e9 or<br \/>\n&#8211; Style : 3 rangs entrelac\u00e9s en maille fine<br \/>\n&#8211; Fermoir : s\u00e9curis\u00e9<br \/>\n&#8211; Id\u00e9al pour : tenues quotidiennes, soir\u00e9es, mariages<\/p>\n<p>\ud83d\udc8e POURQUOI L&#8217;ADOPTER ?<br \/>\nSa maille fine et raffin\u00e9e s&#8217;accorde avec une chemise blanche au bureau comme avec une petite robe noire pour vos sorties.<\/p>\n<p>\ud83d\udce6 LIVRAISON :<br \/>\nLivraison offerte dans le monde entier d\u00e8s 80\u20ac d&#8217;achat.<\/p>","protected":false},"excerpt":{"rendered":"<p>Collier femme dor\u00e9 au design raffin\u00e9 compos\u00e9 de trois rangs en maille fine plaqu\u00e9e or. Une pi\u00e8ce \u00e9l\u00e9gante qui sublime votre d\u00e9collet\u00e9 en toute occasion.<\/p>","protected":false},"featured_media":2733,"comment_status":"open","ping_status":"closed","template":"","meta":{"_bst_post_transparent":"default","_bst_post_title":"","_bst_post_layout":"default","_bst_post_sidebar_id":"","_bst_post_content_style":"default","_bst_post_vertical_padding":"default","_bst_post_feature":"","_bst_post_feature_position":"","_bst_post_header":false,"_bst_post_footer":false},"product_brand":[],"product_cat":[157,156],"product_tag":[163,160,159,162,161],"product_brands":[],"class_list":{"0":"post-2743","1":"product","2":"type-product","3":"status-publish","4":"has-post-thumbnail","6":"product_cat-nos-colliers","7":"product_cat-nouveautes","8":"product_tag-bijou-audacieux","9":"product_tag-collier-dore","10":"product_tag-collier-tresse","11":"product_tag-plaque-or","12":"product_tag-statement","14":"first","15":"instock","16":"shipping-taxable","17":"purchasable","18":"product-type-simple","19":"entry","20":"content-bg","21":"loop-entry"},"_links":{"self":[{"href":"https:\/\/lesjoyauxdasti.fr\/fr_fr\/wp-json\/wp\/v2\/product\/2743","targetHints":{"allow":["GET"]}}],"collection":[{"href":"https:\/\/lesjoyauxdasti.fr\/fr_fr\/wp-json\/wp\/v2\/product"}],"about":[{"href":"https:\/\/lesjoyauxdasti.fr\/fr_fr\/wp-json\/wp\/v2\/types\/product"}],"replies":[{"embeddable":true,"href":"https:\/\/lesjoyauxdasti.fr\/fr_fr\/wp-json\/wp\/v2\/comments?post=2743"}],"wp:featuredmedia":[{"embeddable":true,"href":"https:\/\/lesjoyauxdasti.fr\/fr_fr\/wp-json\/wp\/v2\/media\/2733"}],"wp:attachment":[{"href":"https:\/\/lesjoyauxdasti.fr\/fr_fr\/wp-json\/wp\/v2\/media?parent=2743"}],"wp:term":[{"taxonomy":"product_brand","embeddable":true,"href":"https:\/\/lesjoyauxdasti.fr\/fr_fr\/wp-json\/wp\/v2\/product_brand?post=2743"},{"taxonomy":"product_cat","embeddable":true,"href":"https:\/\/lesjoyauxdasti.fr\/fr_fr\/wp-json\/wp\/v2\/product_cat?post=2743"},{"taxonomy":"product_tag","embeddable":true,"href":"https:\/\/lesjoyauxdasti.fr\/fr_fr\/wp-json\/wp\/v2\/product_tag?post=2743"},{"taxonomy":"product_brands","embeddable":true,"href":"https:\/\/lesjoyauxdasti.fr\/fr_fr\/wp-json\/wp\/v2\/product_brands?post=2743"}],"curies":[{"name":"wp","href":"https:\/\/api.w.org\/{rel}","templated":true}]}}