{"id":2748,"date":"2026-04-26T15:52:51","date_gmt":"2026-04-26T13:52:51","guid":{"rendered":"https:\/\/lesjoyauxdasti.fr\/?post_type=product&#038;p=2748"},"modified":"2026-04-26T15:52:51","modified_gmt":"2026-04-26T13:52:51","slug":"parure-bao-arbre-de-vie-argente","status":"publish","type":"product","link":"https:\/\/lesjoyauxdasti.fr\/fr_fr\/produit\/parure-bao-arbre-de-vie-argente\/","title":{"rendered":"Parure Bao &#8211; Boucles d&#8217;Oreilles + Bague Arbre de Vie Argent\u00e9s"},"content":{"rendered":"<p>La parure Bao met \u00e0 l&#8217;honneur l&#8217;arbre de vie, symbole universel de force, de croissance et de connexion entre la terre et le ciel.<\/p>\n<p>\u2728 CARACT\u00c9RISTIQUES :<br \/>\n&#8211; Mati\u00e8re : laiton argent\u00e9<br \/>\n&#8211; Symbole : arbre de vie ajour\u00e9<br \/>\n&#8211; Composition : boucles pendantes + bague<br \/>\n&#8211; Style : symbolique, spirituel, raffin\u00e9<br \/>\n&#8211; Id\u00e9al pour : femmes en qu\u00eate de sens<\/p>\n<p>\ud83d\udc8e SYMBOLIQUE PR\u00c9CIEUSE :<br \/>\nL&#8217;arbre de vie repr\u00e9sente la connexion \u00e0 ses racines, l&#8217;\u00e9panouissement personnel et l&#8217;harmonie. Un bijou qui accompagne avec sens.<\/p>\n<p>\ud83c\udf81 ID\u00c9E CADEAU :<br \/>\nCadeau id\u00e9al pour c\u00e9l\u00e9brer une \u00e9tape importante : naissance, mariage, anniversaire.<\/p>\n<p>\ud83d\udce6 LIVRAISON :<br \/>\nLivraison offerte dans le monde entier d\u00e8s 80\u20ac d&#8217;achat.<\/p>","protected":false},"excerpt":{"rendered":"<p>Parure Bao symbolique : boucles d&#8217;oreilles et bague orn\u00e9es de l&#8217;arbre de vie en finition argent\u00e9e. Un bijou porteur de sens, id\u00e9al pour celles qui aiment les pi\u00e8ces charg\u00e9es de symbolique.<\/p>","protected":false},"featured_media":2737,"comment_status":"open","ping_status":"closed","template":"","meta":{"_bst_post_transparent":"default","_bst_post_title":"","_bst_post_layout":"default","_bst_post_sidebar_id":"","_bst_post_content_style":"default","_bst_post_vertical_padding":"default","_bst_post_feature":"","_bst_post_feature_position":"","_bst_post_header":false,"_bst_post_footer":false},"product_brand":[],"product_cat":[111,107,154],"product_tag":[183,186,185,188,184,187],"product_brands":[],"class_list":{"0":"post-2748","1":"product","2":"type-product","3":"status-publish","4":"has-post-thumbnail","6":"product_cat-boucles-doreilles","7":"product_cat-ensembles","8":"product_cat-nos-bagues","9":"product_tag-arbre-de-vie","10":"product_tag-argente","11":"product_tag-bijou-symbolique","12":"product_tag-cadeau-symbolique","13":"product_tag-parure-bao","14":"product_tag-spirituel","16":"first","17":"instock","18":"shipping-taxable","19":"purchasable","20":"product-type-simple","21":"entry","22":"content-bg","23":"loop-entry"},"_links":{"self":[{"href":"https:\/\/lesjoyauxdasti.fr\/fr_fr\/wp-json\/wp\/v2\/product\/2748","targetHints":{"allow":["GET"]}}],"collection":[{"href":"https:\/\/lesjoyauxdasti.fr\/fr_fr\/wp-json\/wp\/v2\/product"}],"about":[{"href":"https:\/\/lesjoyauxdasti.fr\/fr_fr\/wp-json\/wp\/v2\/types\/product"}],"replies":[{"embeddable":true,"href":"https:\/\/lesjoyauxdasti.fr\/fr_fr\/wp-json\/wp\/v2\/comments?post=2748"}],"wp:featuredmedia":[{"embeddable":true,"href":"https:\/\/lesjoyauxdasti.fr\/fr_fr\/wp-json\/wp\/v2\/media\/2737"}],"wp:attachment":[{"href":"https:\/\/lesjoyauxdasti.fr\/fr_fr\/wp-json\/wp\/v2\/media?parent=2748"}],"wp:term":[{"taxonomy":"product_brand","embeddable":true,"href":"https:\/\/lesjoyauxdasti.fr\/fr_fr\/wp-json\/wp\/v2\/product_brand?post=2748"},{"taxonomy":"product_cat","embeddable":true,"href":"https:\/\/lesjoyauxdasti.fr\/fr_fr\/wp-json\/wp\/v2\/product_cat?post=2748"},{"taxonomy":"product_tag","embeddable":true,"href":"https:\/\/lesjoyauxdasti.fr\/fr_fr\/wp-json\/wp\/v2\/product_tag?post=2748"},{"taxonomy":"product_brands","embeddable":true,"href":"https:\/\/lesjoyauxdasti.fr\/fr_fr\/wp-json\/wp\/v2\/product_brands?post=2748"}],"curies":[{"name":"wp","href":"https:\/\/api.w.org\/{rel}","templated":true}]}}